{"id":4763,"date":"2021-02-25T15:17:59","date_gmt":"2021-02-25T15:17:59","guid":{"rendered":"https:\/\/3axis-group.com\/?page_id=4763"},"modified":"2023-01-17T18:00:00","modified_gmt":"2023-01-17T18:00:00","slug":"impressum","status":"publish","type":"page","link":"https:\/\/3axis-group.com\/de\/impressum\/","title":{"rendered":"Impressum"},"content":{"rendered":"\t\t<div data-elementor-type=\"wp-page\" data-elementor-id=\"4763\" class=\"elementor elementor-4763 elementor-3028\" data-elementor-post-type=\"page\">\n\t\t\t\t\t\t<section class=\"elementor-section elementor-top-section elementor-element elementor-element-3c6ab8b elementor-section-boxed elementor-section-height-default elementor-section-height-default\" data-id=\"3c6ab8b\" data-element_type=\"section\" data-e-type=\"section\" data-settings=\"{&quot;jet_parallax_layout_list&quot;:[{&quot;jet_parallax_layout_image&quot;:{&quot;url&quot;:&quot;&quot;,&quot;id&quot;:&quot;&quot;,&quot;size&quot;:&quot;&quot;},&quot;_id&quot;:&quot;c4bc7b1&quot;,&quot;jet_parallax_layout_image_tablet&quot;:{&quot;url&quot;:&quot;&quot;,&quot;id&quot;:&quot;&quot;,&quot;size&quot;:&quot;&quot;},&quot;jet_parallax_layout_image_mobile&quot;:{&quot;url&quot;:&quot;&quot;,&quot;id&quot;:&quot;&quot;,&quot;size&quot;:&quot;&quot;},&quot;jet_parallax_layout_speed&quot;:{&quot;unit&quot;:&quot;%&quot;,&quot;size&quot;:50,&quot;sizes&quot;:[]},&quot;jet_parallax_layout_type&quot;:&quot;scroll&quot;,&quot;jet_parallax_layout_direction&quot;:&quot;1&quot;,&quot;jet_parallax_layout_fx_direction&quot;:null,&quot;jet_parallax_layout_z_index&quot;:&quot;&quot;,&quot;jet_parallax_layout_bg_x&quot;:50,&quot;jet_parallax_layout_bg_x_tablet&quot;:&quot;&quot;,&quot;jet_parallax_layout_bg_x_mobile&quot;:&quot;&quot;,&quot;jet_parallax_layout_bg_y&quot;:50,&quot;jet_parallax_layout_bg_y_tablet&quot;:&quot;&quot;,&quot;jet_parallax_layout_bg_y_mobile&quot;:&quot;&quot;,&quot;jet_parallax_layout_bg_size&quot;:&quot;auto&quot;,&quot;jet_parallax_layout_bg_size_tablet&quot;:&quot;&quot;,&quot;jet_parallax_layout_bg_size_mobile&quot;:&quot;&quot;,&quot;jet_parallax_layout_animation_prop&quot;:&quot;transform&quot;,&quot;jet_parallax_layout_on&quot;:[&quot;desktop&quot;,&quot;tablet&quot;]}]}\">\n\t\t\t\t\t\t<div class=\"elementor-container elementor-column-gap-default\">\n\t\t\t\t\t<div class=\"elementor-column elementor-col-100 elementor-top-column elementor-element elementor-element-0ecd87b\" data-id=\"0ecd87b\" data-element_type=\"column\" data-e-type=\"column\">\n\t\t\t<div class=\"elementor-widget-wrap elementor-element-populated\">\n\t\t\t\t\t\t<div class=\"elementor-element elementor-element-1135e01 elementor-widget elementor-widget-heading\" data-id=\"1135e01\" data-element_type=\"widget\" data-e-type=\"widget\" data-widget_type=\"heading.default\">\n\t\t\t\t<div class=\"elementor-widget-container\">\n\t\t\t\t\t<h2 class=\"elementor-heading-title elementor-size-default\">Impressum<\/h2>\t\t\t\t<\/div>\n\t\t\t\t<\/div>\n\t\t\t\t<div class=\"elementor-element elementor-element-73f0172 elementor-widget elementor-widget-spacer\" data-id=\"73f0172\" data-element_type=\"widget\" data-e-type=\"widget\" data-widget_type=\"spacer.default\">\n\t\t\t\t<div class=\"elementor-widget-container\">\n\t\t\t\t\t\t\t<div class=\"elementor-spacer\">\n\t\t\t<div class=\"elementor-spacer-inner\"><\/div>\n\t\t<\/div>\n\t\t\t\t\t\t<\/div>\n\t\t\t\t<\/div>\n\t\t\t\t<div class=\"elementor-element elementor-element-be0ee78 elementor-widget elementor-widget-text-editor\" data-id=\"be0ee78\" data-element_type=\"widget\" data-e-type=\"widget\" data-widget_type=\"text-editor.default\">\n\t\t\t\t<div class=\"elementor-widget-container\">\n\t\t\t\t\t\t\t\t\t<p>3axis Group GmbH<\/p><p>FORTUNA PARK<br \/>FLINGER BROICH 203, HALLE 7-K<br \/>DE-40235 D\u00dcSSELDORF<br \/>Tel.: +49 (0) 23170020924<br \/>E-Mail: info@3axis-group.com<br \/>Internet: www.3axisgroup.com<\/p><p>Rechtsform: GmbH<br \/>Gesch\u00e4ftsf\u00fchrer: Fernando Mainar Val<br \/>USt-IdNr.: DE308982110<br \/>Register: Amtsgericht D\u00fcsseldorf<br \/>Registernummer: HRB86424<\/p><p>Design, Entwicklung und Programmierung:<br \/>Piensaenweb.com<br \/>(Espa\u00f1a)<\/p><p>KONFLIKTL\u00d6SUNG<br \/>Die Europ\u00e4ische Kommission bietet eine Plattform zur Online-Streitbeilegung (OS): https:\/\/ec.europa.eu\/consumers\/odr<br \/>Unsere E-Mail-Adresse ist oben in diesem rechtlichen Hinweis angef\u00fchrt.<\/p><p>Wir sind nicht dazu verpflichtet und beteiligen uns an keiner Streitbeilegung durch Verbraucherschutzorganisationen.<\/p><p>VERANTWORTUNG F\u00dcR DEN INHALT<br \/>Als Dienstanbieter sind wir f\u00fcr eigene Inhalte dieser Webseiten nach Artikel 7, \u00a7 1 des deutschen Telemediengesetzes (TMG) verantwortlich. Nach Artikel 8 \u2013 10 des deutschen Telemediengesetzes (TMG) sind Dienstanbieter jedoch nicht verpflichtet, gesendete oder gespeicherte Informationen permanent zu \u00fcberwachen oder Hinweise auf illegale Aktivit\u00e4ten zu suchen.<br \/>Demzufolge gesetzliche Verpflichtung, Informationen zu l\u00f6schen oder den Zugang zu bestimmten Informationen zu blockieren, werden nicht in Frage gestellt. In diesem Fall wird die Verantwortung nur im Moment der Erkennung einer spezifischen Rechtswidrigkeit m\u00f6glich. Illegale Inhalte werden gel\u00f6scht, sobald wir ihrer bewusst werden.<\/p><p>VERANTWORTUNG F\u00dcR LINKS<br \/>Unser Angebot enth\u00e4lt Links zu externen Webseiten von Dritten. Wir haben keinen Einfluss auf den Inhalt dieser Webseiten und k\u00f6nnen deshalb deren Inhalt nicht garantieren. Die Verantwortung f\u00fcr die Inhalte verlinkter Webseiten liegt immer bei deren Betreibern.<br \/>Im Moment der Verlinkung wurden die verlinkten Webseiten auf m\u00f6gliche Gesetzeswidrigkeiten \u00fcberpr\u00fcft. In diesem Moment wurden keine illegalen Inhalte festgestellt. Wenn keine berechtigten Anzeichen einer Gesetzeswidrigkeit vorliegen, kann keine permanente \u00dcberpr\u00fcfung der verlinkten Webseiten verlangt werden. Illegale Links werden sofort gel\u00f6scht, sobald wir ihrer bewusst werden.<\/p><p>COPYRIGHTVERMERK<br \/>Die auf diesen Webseiten ver\u00f6ffentlichten Inhalte unterliegen dem deutschen Urheberrecht. Die Wiedergabe, Bearbeitung, der Vertrieb und jeder andere nicht unter das Urheberrecht fallende Gebrauch ist nur mit schriftlicher Genehmigung des Autors oder der Autoren gestattet. Die Webseiten d\u00fcrfen ausschlie\u00dflich f\u00fcr den Privatgebrauch heruntergeladen und kopiert werden.<\/p><p>Demzufolge ungenehmigte gewerbliche Nutzung unserer Inhalte ist somit verboten.<\/p><p>Das Urheberrecht Dritter wird geachtet, soweit die Inhalte nicht vom Anbieter kommen. Beitr\u00e4ge dritter Parteien sind als solche identifiziert. Falls dennoch eine Verletzung des Urheberrechts festgestellt wird, bitten wir um Benachrichtigung, damit die betroffenen Inhalte sofort eliminiert werden k\u00f6nnen.<\/p>\t\t\t\t\t\t\t\t<\/div>\n\t\t\t\t<\/div>\n\t\t\t\t\t<\/div>\n\t\t<\/div>\n\t\t\t\t\t<\/div>\n\t\t<\/section>\n\t\t\t\t<\/div>\n\t\t","protected":false},"excerpt":{"rendered":"<p>Impressum 3axis Group GmbH FORTUNA PARKFLINGER BROICH 203, HALLE 7-KDE-40235 D\u00dcSSELDORFTel.: +49 (0) 23170020924E-Mail: info@3axis-group.comInternet: www.3axisgroup.com Rechtsform: GmbHGesch\u00e4ftsf\u00fchrer: Fernando Mainar ValUSt-IdNr.: DE308982110Register: Amtsgericht D\u00fcsseldorfRegisternummer: HRB86424 Design, Entwicklung und Programmierung:Piensaenweb.com(Espa\u00f1a) KONFLIKTL\u00d6SUNGDie Europ\u00e4ische Kommission bietet eine Plattform zur Online-Streitbeilegung (OS): https:\/\/ec.europa.eu\/consumers\/odrUnsere E-Mail-Adresse ist oben in diesem rechtlichen Hinweis angef\u00fchrt. Wir sind nicht dazu verpflichtet und beteiligen uns [&hellip;]<\/p>\n","protected":false},"author":1,"featured_media":0,"parent":0,"menu_order":0,"comment_status":"closed","ping_status":"closed","template":"","meta":{"footnotes":""},"class_list":["post-4763","page","type-page","status-publish","hentry"],"_links":{"self":[{"href":"https:\/\/3axis-group.com\/de\/wp-json\/wp\/v2\/pages\/4763","targetHints":{"allow":["GET"]}}],"collection":[{"href":"https:\/\/3axis-group.com\/de\/wp-json\/wp\/v2\/pages"}],"about":[{"href":"https:\/\/3axis-group.com\/de\/wp-json\/wp\/v2\/types\/page"}],"author":[{"embeddable":true,"href":"https:\/\/3axis-group.com\/de\/wp-json\/wp\/v2\/users\/1"}],"replies":[{"embeddable":true,"href":"https:\/\/3axis-group.com\/de\/wp-json\/wp\/v2\/comments?post=4763"}],"version-history":[{"count":2,"href":"https:\/\/3axis-group.com\/de\/wp-json\/wp\/v2\/pages\/4763\/revisions"}],"predecessor-version":[{"id":24744,"href":"https:\/\/3axis-group.com\/de\/wp-json\/wp\/v2\/pages\/4763\/revisions\/24744"}],"wp:attachment":[{"href":"https:\/\/3axis-group.com\/de\/wp-json\/wp\/v2\/media?parent=4763"}],"curies":[{"name":"wp","href":"https:\/\/api.w.org\/{rel}","templated":true}]}}