{"id":6424,"date":"2020-10-15T10:38:47","date_gmt":"2020-10-15T10:38:47","guid":{"rendered":"https:\/\/3axis-group.com\/about-us\/"},"modified":"2024-02-28T10:14:47","modified_gmt":"2024-02-28T10:14:47","slug":"about-us","status":"publish","type":"page","link":"https:\/\/3axis-group.com\/pt-pt\/about-us\/","title":{"rendered":"Acerca de n\u00f3s"},"content":{"rendered":"\t\t<div data-elementor-type=\"wp-page\" data-elementor-id=\"6424\" class=\"elementor elementor-6424 elementor-21\" data-elementor-post-type=\"page\">\n\t\t\t\t\t\t<section class=\"elementor-section elementor-top-section elementor-element elementor-element-bd74503 elementor-section-height-min-height elementor-section-boxed elementor-section-height-default elementor-section-items-middle\" data-id=\"bd74503\" data-element_type=\"section\" data-e-type=\"section\" data-settings=\"{&quot;jet_parallax_layout_list&quot;:[{&quot;jet_parallax_layout_image&quot;:{&quot;url&quot;:&quot;&quot;,&quot;id&quot;:&quot;&quot;,&quot;size&quot;:&quot;&quot;},&quot;_id&quot;:&quot;ada8afd&quot;,&quot;jet_parallax_layout_image_tablet&quot;:{&quot;url&quot;:&quot;&quot;,&quot;id&quot;:&quot;&quot;,&quot;size&quot;:&quot;&quot;},&quot;jet_parallax_layout_image_mobile&quot;:{&quot;url&quot;:&quot;&quot;,&quot;id&quot;:&quot;&quot;,&quot;size&quot;:&quot;&quot;},&quot;jet_parallax_layout_speed&quot;:{&quot;unit&quot;:&quot;%&quot;,&quot;size&quot;:50,&quot;sizes&quot;:[]},&quot;jet_parallax_layout_type&quot;:&quot;scroll&quot;,&quot;jet_parallax_layout_direction&quot;:&quot;1&quot;,&quot;jet_parallax_layout_fx_direction&quot;:null,&quot;jet_parallax_layout_z_index&quot;:&quot;&quot;,&quot;jet_parallax_layout_bg_x&quot;:50,&quot;jet_parallax_layout_bg_x_tablet&quot;:&quot;&quot;,&quot;jet_parallax_layout_bg_x_mobile&quot;:&quot;&quot;,&quot;jet_parallax_layout_bg_y&quot;:50,&quot;jet_parallax_layout_bg_y_tablet&quot;:&quot;&quot;,&quot;jet_parallax_layout_bg_y_mobile&quot;:&quot;&quot;,&quot;jet_parallax_layout_bg_size&quot;:&quot;auto&quot;,&quot;jet_parallax_layout_bg_size_tablet&quot;:&quot;&quot;,&quot;jet_parallax_layout_bg_size_mobile&quot;:&quot;&quot;,&quot;jet_parallax_layout_animation_prop&quot;:&quot;transform&quot;,&quot;jet_parallax_layout_on&quot;:[&quot;desktop&quot;,&quot;tablet&quot;]}],&quot;background_background&quot;:&quot;classic&quot;}\">\n\t\t\t\t\t\t\t<div class=\"elementor-background-overlay\"><\/div>\n\t\t\t\t\t\t\t<div class=\"elementor-container elementor-column-gap-default\">\n\t\t\t\t\t<div class=\"elementor-column elementor-col-33 elementor-top-column elementor-element elementor-element-2f10b37\" data-id=\"2f10b37\" data-element_type=\"column\" data-e-type=\"column\">\n\t\t\t<div class=\"elementor-widget-wrap\">\n\t\t\t\t\t\t\t<\/div>\n\t\t<\/div>\n\t\t\t\t<div class=\"elementor-column elementor-col-33 elementor-top-column elementor-element elementor-element-5fbc5f9\" data-id=\"5fbc5f9\" data-element_type=\"column\" data-e-type=\"column\">\n\t\t\t<div class=\"elementor-widget-wrap elementor-element-populated\">\n\t\t\t\t\t\t<div class=\"elementor-element elementor-element-f8b8b31 elementor-widget elementor-widget-heading\" data-id=\"f8b8b31\" data-element_type=\"widget\" data-e-type=\"widget\" data-widget_type=\"heading.default\">\n\t\t\t\t<div class=\"elementor-widget-container\">\n\t\t\t\t\t<h1 class=\"elementor-heading-title elementor-size-default\">Acerca de n\u00f3s<\/h1>\t\t\t\t<\/div>\n\t\t\t\t<\/div>\n\t\t\t\t\t<\/div>\n\t\t<\/div>\n\t\t\t\t<div class=\"elementor-column elementor-col-33 elementor-top-column elementor-element elementor-element-dc61f6f\" data-id=\"dc61f6f\" data-element_type=\"column\" data-e-type=\"column\">\n\t\t\t<div class=\"elementor-widget-wrap\">\n\t\t\t\t\t\t\t<\/div>\n\t\t<\/div>\n\t\t\t\t\t<\/div>\n\t\t<\/section>\n\t\t\t\t<section class=\"elementor-section elementor-top-section elementor-element elementor-element-6d4ddc0 jedv-enabled--yes elementor-section-boxed elementor-section-height-default elementor-section-height-default\" data-id=\"6d4ddc0\" data-element_type=\"section\" data-e-type=\"section\" data-settings=\"{&quot;jet_parallax_layout_list&quot;:[{&quot;jet_parallax_layout_image&quot;:{&quot;url&quot;:&quot;&quot;,&quot;id&quot;:&quot;&quot;,&quot;size&quot;:&quot;&quot;},&quot;_id&quot;:&quot;42c6c97&quot;,&quot;jet_parallax_layout_image_tablet&quot;:{&quot;url&quot;:&quot;&quot;,&quot;id&quot;:&quot;&quot;,&quot;size&quot;:&quot;&quot;},&quot;jet_parallax_layout_image_mobile&quot;:{&quot;url&quot;:&quot;&quot;,&quot;id&quot;:&quot;&quot;,&quot;size&quot;:&quot;&quot;},&quot;jet_parallax_layout_speed&quot;:{&quot;unit&quot;:&quot;%&quot;,&quot;size&quot;:50,&quot;sizes&quot;:[]},&quot;jet_parallax_layout_type&quot;:&quot;scroll&quot;,&quot;jet_parallax_layout_direction&quot;:&quot;1&quot;,&quot;jet_parallax_layout_fx_direction&quot;:null,&quot;jet_parallax_layout_z_index&quot;:&quot;&quot;,&quot;jet_parallax_layout_bg_x&quot;:50,&quot;jet_parallax_layout_bg_x_tablet&quot;:&quot;&quot;,&quot;jet_parallax_layout_bg_x_mobile&quot;:&quot;&quot;,&quot;jet_parallax_layout_bg_y&quot;:50,&quot;jet_parallax_layout_bg_y_tablet&quot;:&quot;&quot;,&quot;jet_parallax_layout_bg_y_mobile&quot;:&quot;&quot;,&quot;jet_parallax_layout_bg_size&quot;:&quot;auto&quot;,&quot;jet_parallax_layout_bg_size_tablet&quot;:&quot;&quot;,&quot;jet_parallax_layout_bg_size_mobile&quot;:&quot;&quot;,&quot;jet_parallax_layout_animation_prop&quot;:&quot;transform&quot;,&quot;jet_parallax_layout_on&quot;:[&quot;desktop&quot;,&quot;tablet&quot;]}],&quot;background_background&quot;:&quot;classic&quot;}\">\n\t\t\t\t\t\t<div class=\"elementor-container elementor-column-gap-default\">\n\t\t\t\t\t<div class=\"elementor-column elementor-col-33 elementor-top-column elementor-element elementor-element-dbdec6a\" data-id=\"dbdec6a\" data-element_type=\"column\" data-e-type=\"column\">\n\t\t\t<div class=\"elementor-widget-wrap\">\n\t\t\t\t\t\t\t<\/div>\n\t\t<\/div>\n\t\t\t\t<div class=\"elementor-column elementor-col-33 elementor-top-column elementor-element elementor-element-1f6e755\" data-id=\"1f6e755\" data-element_type=\"column\" data-e-type=\"column\">\n\t\t\t<div class=\"elementor-widget-wrap elementor-element-populated\">\n\t\t\t\t\t\t<div class=\"elementor-element elementor-element-f978c27 seo-text elementor-widget elementor-widget-text-editor\" data-id=\"f978c27\" data-element_type=\"widget\" data-e-type=\"widget\" data-widget_type=\"text-editor.default\">\n\t\t\t\t<div class=\"elementor-widget-container\">\n\t\t\t\t\t\t\t\t\t<h2>O seu parceiro ideal na aquisi\u00e7\u00e3o de m\u00e1quinas CNC e equipamentos auxiliares<\/h2><p>Durante os \u00faltimos anos e atualmente, temos sido\u00a0o seu parceiro ideal na aquisi\u00e7\u00e3o de m\u00e1quinas CNC e equipamentos auxiliares de alta qualidade.<\/p><p>Somos\u00a0grandes t\u00e9cnicos especialistas\u00a0que, devido \u00e0 experi\u00eancia adquirida e acumulada ao longo dos anos, temos trabalhado de maneira segura na\u00a0compra e venda de m\u00e1quinas e equipamentos para a ind\u00fastria do metal.<\/p>\t\t\t\t\t\t\t\t<\/div>\n\t\t\t\t<\/div>\n\t\t\t\t<div class=\"elementor-element elementor-element-483b709 elementor-widget elementor-widget-gallery\" data-id=\"483b709\" data-element_type=\"widget\" data-e-type=\"widget\" data-settings=\"{&quot;columns&quot;:2,&quot;lazyload&quot;:&quot;yes&quot;,&quot;gallery_layout&quot;:&quot;grid&quot;,&quot;columns_tablet&quot;:2,&quot;columns_mobile&quot;:1,&quot;gap&quot;:{&quot;unit&quot;:&quot;px&quot;,&quot;size&quot;:10,&quot;sizes&quot;:[]},&quot;gap_tablet&quot;:{&quot;unit&quot;:&quot;px&quot;,&quot;size&quot;:10,&quot;sizes&quot;:[]},&quot;gap_mobile&quot;:{&quot;unit&quot;:&quot;px&quot;,&quot;size&quot;:10,&quot;sizes&quot;:[]},&quot;link_to&quot;:&quot;file&quot;,&quot;aspect_ratio&quot;:&quot;3:2&quot;,&quot;overlay_background&quot;:&quot;yes&quot;,&quot;content_hover_animation&quot;:&quot;fade-in&quot;}\" data-widget_type=\"gallery.default\">\n\t\t\t\t<div class=\"elementor-widget-container\">\n\t\t\t\t\t\t\t<div class=\"elementor-gallery__container\">\n\t\t\t\t\t\t\t<a class=\"e-gallery-item elementor-gallery-item elementor-animated-content\" href=\"https:\/\/3axis-group.com\/wp-content\/uploads\/2024\/02\/IMG_01-scaled.jpg\" data-elementor-open-lightbox=\"yes\" data-elementor-lightbox-slideshow=\"483b709\" data-elementor-lightbox-title=\"IMG_01\" data-e-action-hash=\"#elementor-action%3Aaction%3Dlightbox%26settings%3DeyJpZCI6NDIwNzAsInVybCI6Imh0dHBzOlwvXC8zYXhpcy1ncm91cC5jb21cL3dwLWNvbnRlbnRcL3VwbG9hZHNcLzIwMjRcLzAyXC9JTUdfMDEtc2NhbGVkLmpwZyIsInNsaWRlc2hvdyI6IjQ4M2I3MDkifQ%3D%3D\">\n\t\t\t\t\t<div class=\"e-gallery-image elementor-gallery-item__image\" data-thumbnail=\"https:\/\/3axis-group.com\/wp-content\/uploads\/2024\/02\/IMG_01-768x803.jpg\" data-width=\"768\" data-height=\"803\" aria-label=\"\" role=\"img\" ><\/div>\n\t\t\t\t\t\t\t\t\t\t\t<div class=\"elementor-gallery-item__overlay\"><\/div>\n\t\t\t\t\t\t\t\t\t\t\t\t\t\t<\/a>\n\t\t\t\t\t\t\t<a class=\"e-gallery-item elementor-gallery-item elementor-animated-content\" href=\"https:\/\/3axis-group.com\/wp-content\/uploads\/2020\/12\/3axis-about-08.jpg\" data-elementor-open-lightbox=\"yes\" data-elementor-lightbox-slideshow=\"483b709\" data-elementor-lightbox-title=\"3axis-about-08\" data-e-action-hash=\"#elementor-action%3Aaction%3Dlightbox%26settings%3DeyJpZCI6NjQzNSwidXJsIjoiaHR0cHM6XC9cLzNheGlzLWdyb3VwLmNvbVwvd3AtY29udGVudFwvdXBsb2Fkc1wvMjAyMFwvMTJcLzNheGlzLWFib3V0LTA4LmpwZyIsInNsaWRlc2hvdyI6IjQ4M2I3MDkifQ%3D%3D\">\n\t\t\t\t\t<div class=\"e-gallery-image elementor-gallery-item__image\" data-thumbnail=\"https:\/\/3axis-group.com\/wp-content\/uploads\/2020\/12\/3axis-about-08-768x512.jpg\" data-width=\"768\" data-height=\"512\" aria-label=\"\" role=\"img\" ><\/div>\n\t\t\t\t\t\t\t\t\t\t\t<div class=\"elementor-gallery-item__overlay\"><\/div>\n\t\t\t\t\t\t\t\t\t\t\t\t\t\t<\/a>\n\t\t\t\t\t\t\t<a class=\"e-gallery-item elementor-gallery-item elementor-animated-content\" href=\"https:\/\/3axis-group.com\/wp-content\/uploads\/2020\/12\/3axis-about-07-1.jpg\" data-elementor-open-lightbox=\"yes\" data-elementor-lightbox-slideshow=\"483b709\" data-elementor-lightbox-title=\"3axis-about-07\" data-e-action-hash=\"#elementor-action%3Aaction%3Dlightbox%26settings%3DeyJpZCI6NjQzMywidXJsIjoiaHR0cHM6XC9cLzNheGlzLWdyb3VwLmNvbVwvd3AtY29udGVudFwvdXBsb2Fkc1wvMjAyMFwvMTJcLzNheGlzLWFib3V0LTA3LTEuanBnIiwic2xpZGVzaG93IjoiNDgzYjcwOSJ9\">\n\t\t\t\t\t<div class=\"e-gallery-image elementor-gallery-item__image\" data-thumbnail=\"https:\/\/3axis-group.com\/wp-content\/uploads\/2020\/12\/3axis-about-07-1-768x512.jpg\" data-width=\"768\" data-height=\"512\" aria-label=\"\" role=\"img\" ><\/div>\n\t\t\t\t\t\t\t\t\t\t\t<div class=\"elementor-gallery-item__overlay\"><\/div>\n\t\t\t\t\t\t\t\t\t\t\t\t\t\t<\/a>\n\t\t\t\t\t\t\t<a class=\"e-gallery-item elementor-gallery-item elementor-animated-content\" href=\"https:\/\/3axis-group.com\/wp-content\/uploads\/2020\/12\/3axis-about-06.jpg\" data-elementor-open-lightbox=\"yes\" data-elementor-lightbox-slideshow=\"483b709\" data-elementor-lightbox-title=\"3axis-about-06\" data-e-action-hash=\"#elementor-action%3Aaction%3Dlightbox%26settings%3DeyJpZCI6NjQzMCwidXJsIjoiaHR0cHM6XC9cLzNheGlzLWdyb3VwLmNvbVwvd3AtY29udGVudFwvdXBsb2Fkc1wvMjAyMFwvMTJcLzNheGlzLWFib3V0LTA2LmpwZyIsInNsaWRlc2hvdyI6IjQ4M2I3MDkifQ%3D%3D\">\n\t\t\t\t\t<div class=\"e-gallery-image elementor-gallery-item__image\" data-thumbnail=\"https:\/\/3axis-group.com\/wp-content\/uploads\/2020\/12\/3axis-about-06-768x512.jpg\" data-width=\"768\" data-height=\"512\" aria-label=\"\" role=\"img\" ><\/div>\n\t\t\t\t\t\t\t\t\t\t\t<div class=\"elementor-gallery-item__overlay\"><\/div>\n\t\t\t\t\t\t\t\t\t\t\t\t\t\t<\/a>\n\t\t\t\t\t<\/div>\n\t\t\t\t\t<\/div>\n\t\t\t\t<\/div>\n\t\t\t\t<div class=\"elementor-element elementor-element-2762ffd seo-text elementor-widget elementor-widget-text-editor\" data-id=\"2762ffd\" data-element_type=\"widget\" data-e-type=\"widget\" data-widget_type=\"text-editor.default\">\n\t\t\t\t<div class=\"elementor-widget-container\">\n\t\t\t\t\t\t\t\t\t<p>Oferecemos todo o tipo de servi\u00e7os para os nossos clientes, que abrangem desde\u00a0a venda\u00a0na origem, ocupando-nos unicamente da comercializa\u00e7\u00e3o, at\u00e9 ao que denominamos \u201cchave na m\u00e3o\u201d. Fornecemos um servi\u00e7o completo que vai desde\u00a0a tramita\u00e7\u00e3o da venda e o seu financiamento\u00a0se for necess\u00e1rio, at\u00e9 \u00e0 verifica\u00e7\u00e3o na sua linha de produ\u00e7\u00e3o do equipamento adquirido.<\/p><p>Contamos com um\u00a0servi\u00e7o t\u00e9cnico pr\u00f3prio\u00a0altamente qualificado que pode assumir qualquer tipo de instala\u00e7\u00e3o.<\/p><p>Igualmente,\u00a0colaboramos com as principais ag\u00eancias de transporte europeias\u00a0especializadas em maquinaria, que nos oferecem tanto os seus servi\u00e7os de transporte, como os recursos necess\u00e1rios para a\u00a0desmontagem, manuseamento e carga.<\/p><p>Financeiramente, oferecemos solu\u00e7\u00f5es que, conjuntamente com os nossos parceiros, ir\u00e3o ao encontro de todas as suas necessidades, adaptando-se a todas as situa\u00e7\u00f5es. Para realizar uma \u00f3tima descri\u00e7\u00e3o do nosso produto, realizamos\u00a0fotos e v\u00eddeos das m\u00e1quinas. Esta informa\u00e7\u00e3o ser\u00e1 enviada em cada pedido, para uma adequada e real avalia\u00e7\u00e3o do produto.<\/p><p>Oferecemos a possibilidade de realizar\u00a0visitas com os nossos clientes, onde se poder\u00e1 avaliar, comprovar e verificar em primeira m\u00e3o a informa\u00e7\u00e3o disponibilizada anteriormente. Estas visitas s\u00e3o realizadas sempre com pessoal da nossa equipa, ocupando-nos na medida em que o solicitem, de viagens, desloca\u00e7\u00f5es e tratamento personalizado e individual, utilizando todos os recursos t\u00e9cnicos e humanos.<\/p>\t\t\t\t\t\t\t\t<\/div>\n\t\t\t\t<\/div>\n\t\t\t\t<div class=\"elementor-element elementor-element-6dd0bcf elementor-widget elementor-widget-gallery\" data-id=\"6dd0bcf\" data-element_type=\"widget\" data-e-type=\"widget\" data-settings=\"{&quot;columns&quot;:2,&quot;gallery_layout&quot;:&quot;masonry&quot;,&quot;lazyload&quot;:&quot;yes&quot;,&quot;columns_tablet&quot;:2,&quot;columns_mobile&quot;:1,&quot;gap&quot;:{&quot;unit&quot;:&quot;px&quot;,&quot;size&quot;:10,&quot;sizes&quot;:[]},&quot;gap_tablet&quot;:{&quot;unit&quot;:&quot;px&quot;,&quot;size&quot;:10,&quot;sizes&quot;:[]},&quot;gap_mobile&quot;:{&quot;unit&quot;:&quot;px&quot;,&quot;size&quot;:10,&quot;sizes&quot;:[]},&quot;link_to&quot;:&quot;file&quot;,&quot;overlay_background&quot;:&quot;yes&quot;,&quot;content_hover_animation&quot;:&quot;fade-in&quot;}\" data-widget_type=\"gallery.default\">\n\t\t\t\t<div class=\"elementor-widget-container\">\n\t\t\t\t\t\t\t<div class=\"elementor-gallery__container\">\n\t\t\t\t\t\t\t<a class=\"e-gallery-item elementor-gallery-item elementor-animated-content\" href=\"https:\/\/3axis-group.com\/wp-content\/uploads\/2020\/12\/3axis-about-09.jpg\" data-elementor-open-lightbox=\"yes\" data-elementor-lightbox-slideshow=\"6dd0bcf\" data-elementor-lightbox-title=\"3axis-about-09\" data-e-action-hash=\"#elementor-action%3Aaction%3Dlightbox%26settings%3DeyJpZCI6MjI2OCwidXJsIjoiaHR0cHM6XC9cLzNheGlzLWdyb3VwLmNvbVwvd3AtY29udGVudFwvdXBsb2Fkc1wvMjAyMFwvMTJcLzNheGlzLWFib3V0LTA5LmpwZyIsInNsaWRlc2hvdyI6IjZkZDBiY2YifQ%3D%3D\">\n\t\t\t\t\t<div class=\"e-gallery-image elementor-gallery-item__image\" data-thumbnail=\"https:\/\/3axis-group.com\/wp-content\/uploads\/2020\/12\/3axis-about-09-768x1152.jpg\" data-width=\"768\" data-height=\"1152\" aria-label=\"\" role=\"img\" ><\/div>\n\t\t\t\t\t\t\t\t\t\t\t<div class=\"elementor-gallery-item__overlay\"><\/div>\n\t\t\t\t\t\t\t\t\t\t\t\t\t\t<\/a>\n\t\t\t\t\t\t\t<a class=\"e-gallery-item elementor-gallery-item elementor-animated-content\" href=\"https:\/\/3axis-group.com\/wp-content\/uploads\/2020\/12\/3axis-about-10.jpg\" data-elementor-open-lightbox=\"yes\" data-elementor-lightbox-slideshow=\"6dd0bcf\" data-elementor-lightbox-title=\"3axis-about-10\" data-e-action-hash=\"#elementor-action%3Aaction%3Dlightbox%26settings%3DeyJpZCI6MjI3MywidXJsIjoiaHR0cHM6XC9cLzNheGlzLWdyb3VwLmNvbVwvd3AtY29udGVudFwvdXBsb2Fkc1wvMjAyMFwvMTJcLzNheGlzLWFib3V0LTEwLmpwZyIsInNsaWRlc2hvdyI6IjZkZDBiY2YifQ%3D%3D\">\n\t\t\t\t\t<div class=\"e-gallery-image elementor-gallery-item__image\" data-thumbnail=\"https:\/\/3axis-group.com\/wp-content\/uploads\/2020\/12\/3axis-about-10-768x1152.jpg\" data-width=\"768\" data-height=\"1152\" aria-label=\"\" role=\"img\" ><\/div>\n\t\t\t\t\t\t\t\t\t\t\t<div class=\"elementor-gallery-item__overlay\"><\/div>\n\t\t\t\t\t\t\t\t\t\t\t\t\t\t<\/a>\n\t\t\t\t\t<\/div>\n\t\t\t\t\t<\/div>\n\t\t\t\t<\/div>\n\t\t\t\t\t<\/div>\n\t\t<\/div>\n\t\t\t\t<div class=\"elementor-column elementor-col-33 elementor-top-column elementor-element elementor-element-754255c\" data-id=\"754255c\" data-element_type=\"column\" data-e-type=\"column\">\n\t\t\t<div class=\"elementor-widget-wrap\">\n\t\t\t\t\t\t\t<\/div>\n\t\t<\/div>\n\t\t\t\t\t<\/div>\n\t\t<\/section>\n\t\t\t\t<\/div>\n\t\t","protected":false},"excerpt":{"rendered":"<p>Acerca de n\u00f3s O seu parceiro ideal na aquisi\u00e7\u00e3o de m\u00e1quinas CNC e equipamentos auxiliares Durante os \u00faltimos anos e atualmente, temos sido\u00a0o seu parceiro ideal na aquisi\u00e7\u00e3o de m\u00e1quinas CNC e equipamentos auxiliares de alta qualidade. Somos\u00a0grandes t\u00e9cnicos especialistas\u00a0que, devido \u00e0 experi\u00eancia adquirida e acumulada ao longo dos anos, temos trabalhado de maneira segura [&hellip;]<\/p>\n","protected":false},"author":1,"featured_media":0,"parent":0,"menu_order":0,"comment_status":"closed","ping_status":"closed","template":"","meta":{"footnotes":""},"class_list":["post-6424","page","type-page","status-publish","hentry"],"_links":{"self":[{"href":"https:\/\/3axis-group.com\/pt-pt\/wp-json\/wp\/v2\/pages\/6424","targetHints":{"allow":["GET"]}}],"collection":[{"href":"https:\/\/3axis-group.com\/pt-pt\/wp-json\/wp\/v2\/pages"}],"about":[{"href":"https:\/\/3axis-group.com\/pt-pt\/wp-json\/wp\/v2\/types\/page"}],"author":[{"embeddable":true,"href":"https:\/\/3axis-group.com\/pt-pt\/wp-json\/wp\/v2\/users\/1"}],"replies":[{"embeddable":true,"href":"https:\/\/3axis-group.com\/pt-pt\/wp-json\/wp\/v2\/comments?post=6424"}],"version-history":[{"count":4,"href":"https:\/\/3axis-group.com\/pt-pt\/wp-json\/wp\/v2\/pages\/6424\/revisions"}],"predecessor-version":[{"id":42090,"href":"https:\/\/3axis-group.com\/pt-pt\/wp-json\/wp\/v2\/pages\/6424\/revisions\/42090"}],"wp:attachment":[{"href":"https:\/\/3axis-group.com\/pt-pt\/wp-json\/wp\/v2\/media?parent=6424"}],"curies":[{"name":"wp","href":"https:\/\/api.w.org\/{rel}","templated":true}]}}